{"id":81849,"date":"2022-08-19T14:10:33","date_gmt":"2022-08-19T12:10:33","guid":{"rendered":"https:\/\/onerefractories.poush-dev.be\/legal-information\/"},"modified":"2025-11-19T14:19:14","modified_gmt":"2025-11-19T13:19:14","slug":"mentions-legales","status":"publish","type":"page","link":"https:\/\/onerefractories.com\/fr\/mentions-legales\/","title":{"rendered":"Mentions l\u00e9gales"},"content":{"rendered":"<p>[et_pb_section fb_built=\u00a0\u00bb1&Prime; _builder_version=\u00a0\u00bb4.27.4&Prime; _module_preset=\u00a0\u00bbdefault\u00a0\u00bb global_colors_info=\u00a0\u00bb{}\u00a0\u00bb][et_pb_row _builder_version=\u00a0\u00bb4.27.4&Prime; _module_preset=\u00a0\u00bbdefault\u00a0\u00bb global_colors_info=\u00a0\u00bb{}\u00a0\u00bb][et_pb_column type=\u00a0\u00bb4_4&Prime; _builder_version=\u00a0\u00bb4.27.4&Prime; _module_preset=\u00a0\u00bbdefault\u00a0\u00bb global_colors_info=\u00a0\u00bb{}\u00a0\u00bb][et_pb_text _builder_version=\u00a0\u00bb4.27.4&Prime; _module_preset=\u00a0\u00bbdefault\u00a0\u00bb hover_enabled=\u00a0\u00bb0&Prime; global_colors_info=\u00a0\u00bb{}\u00a0\u00bb sticky_enabled=\u00a0\u00bb0&Prime;]<\/p>\n<h1>Mentions l\u00e9gales<\/h1>\n<h2>Qui sommes-nous ?<\/h2>\n<p><strong>One Refractories<br \/><\/strong>Entreprise sp\u00e9cialis\u00e9e dans les mat\u00e9riaux r\u00e9fractaires<\/p>\n<h3>Mission<\/h3>\n<p>One Refractories propose une large gamme de produits monolithiques pour r\u00e9pondre aux besoins de ses clients dans les industries du ciment, du fer, de l&rsquo;acier et de la chaleur.<\/p>\n<h3>Contact<\/h3>\n<p>One Refractories<br \/>Chauss\u00e9e de Dinant, 39 B-5537 Anh\u00e9e<br \/>+32 (0)82 61 18 84<br \/>info@onerefractories.com<br \/>BE 0401.592.569<\/p>\n<p>One Refractories s&rsquo;engage \u00e0 respecter la l\u00e9gislation en vigueur en Belgique et en Europe et met tout en \u0153uvre pour emp\u00eacher toute utilisation non autoris\u00e9e ou ill\u00e9gale de vos donn\u00e9es personnelles. \u00c0 cette fin, nous utilisons des proc\u00e9dures et des syst\u00e8mes appropri\u00e9s pour garantir que seules les personnes autoris\u00e9es puissent acc\u00e9der \u00e0 vos informations. En outre, nous vous rappelons que ces personnes sont tenues \u00e0 une obligation de confidentialit\u00e9 dans le cadre de leurs fonctions.<\/p>\n<p>[\/et_pb_text][\/et_pb_column][\/et_pb_row][\/et_pb_section]<\/p>\n","protected":false},"excerpt":{"rendered":"<p>Mentions l\u00e9gales Qui sommes-nous ? One RefractoriesEntreprise sp\u00e9cialis\u00e9e dans les mat\u00e9riaux r\u00e9fractaires Mission One Refractories propose une large gamme de produits monolithiques pour r\u00e9pondre aux besoins de ses clients dans les industries du ciment, du fer, de l&rsquo;acier et de la chaleur. Contact One RefractoriesChauss\u00e9e de Dinant, 39 B-5537 Anh\u00e9e+32 (0)82 61 18 84info@onerefractories.comBE 0401.592.569 One Refractories s&rsquo;engage \u00e0 respecter la l\u00e9gislation en vigueur en Belgique et en Europe et met tout en \u0153uvre pour emp\u00eacher toute utilisation non autoris\u00e9e ou ill\u00e9gale de vos donn\u00e9es personnelles. \u00c0 cette fin, nous utilisons des proc\u00e9dures et des syst\u00e8mes appropri\u00e9s pour garantir que seules les personnes autoris\u00e9es puissent acc\u00e9der \u00e0 vos informations. En outre, nous vous rappelons que ces personnes sont tenues \u00e0 une obligation de confidentialit\u00e9 dans le cadre de leurs fonctions.<\/p>\n","protected":false},"author":1,"featured_media":0,"parent":0,"menu_order":1000,"comment_status":"closed","ping_status":"closed","template":"","meta":{"_et_pb_use_builder":"on","_et_pb_old_content":"","_et_gb_content_width":"","footnotes":""},"class_list":["post-81849","page","type-page","status-publish","hentry"],"yoast_head":"<!-- This site is optimized with the Yoast SEO plugin v27.5 - https:\/\/yoast.com\/product\/yoast-seo-wordpress\/ -->\n<title>Mentions l\u00e9gales | One Refractories<\/title>\n<meta name=\"robots\" content=\"index, follow, max-snippet:-1, max-image-preview:large, max-video-preview:-1\" \/>\n<link rel=\"canonical\" href=\"https:\/\/onerefractories.com\/fr\/mentions-legales\/\" \/>\n<meta property=\"og:locale\" content=\"fr_FR\" \/>\n<meta property=\"og:type\" content=\"article\" \/>\n<meta property=\"og:title\" content=\"Mentions l\u00e9gales | One Refractories\" \/>\n<meta property=\"og:description\" content=\"Mentions l\u00e9gales Qui sommes-nous ? One RefractoriesEntreprise sp\u00e9cialis\u00e9e dans les mat\u00e9riaux r\u00e9fractaires Mission One Refractories propose une large gamme de produits monolithiques pour r\u00e9pondre aux besoins de ses clients dans les industries du ciment, du fer, de l&#039;acier et de la chaleur. Contact One RefractoriesChauss\u00e9e de Dinant, 39 B-5537 Anh\u00e9e+32 (0)82 61 18 84info@onerefractories.comBE 0401.592.569 One Refractories s&#039;engage \u00e0 respecter la l\u00e9gislation en vigueur en Belgique et en Europe et met tout en \u0153uvre pour emp\u00eacher toute utilisation non autoris\u00e9e ou ill\u00e9gale de vos donn\u00e9es personnelles. \u00c0 cette fin, nous utilisons des proc\u00e9dures et des syst\u00e8mes appropri\u00e9s pour garantir que seules les personnes autoris\u00e9es puissent acc\u00e9der \u00e0 vos informations. En outre, nous vous rappelons que ces personnes sont tenues \u00e0 une obligation de confidentialit\u00e9 dans le cadre de leurs fonctions.\" \/>\n<meta property=\"og:url\" content=\"https:\/\/onerefractories.com\/fr\/mentions-legales\/\" \/>\n<meta property=\"og:site_name\" content=\"One Refractories\" \/>\n<meta property=\"article:modified_time\" content=\"2025-11-19T13:19:14+00:00\" \/>\n<meta name=\"twitter:card\" content=\"summary_large_image\" \/>\n<meta name=\"twitter:label1\" content=\"Dur\u00e9e de lecture estim\u00e9e\" \/>\n\t<meta name=\"twitter:data1\" content=\"1 minute\" \/>\n<script type=\"application\/ld+json\" class=\"yoast-schema-graph\">{\"@context\":\"https:\\\/\\\/schema.org\",\"@graph\":[{\"@type\":\"WebPage\",\"@id\":\"https:\\\/\\\/onerefractories.com\\\/fr\\\/mentions-legales\\\/\",\"url\":\"https:\\\/\\\/onerefractories.com\\\/fr\\\/mentions-legales\\\/\",\"name\":\"Mentions l\u00e9gales | One Refractories\",\"isPartOf\":{\"@id\":\"https:\\\/\\\/onerefractories.com\\\/fr\\\/#website\"},\"datePublished\":\"2022-08-19T12:10:33+00:00\",\"dateModified\":\"2025-11-19T13:19:14+00:00\",\"breadcrumb\":{\"@id\":\"https:\\\/\\\/onerefractories.com\\\/fr\\\/mentions-legales\\\/#breadcrumb\"},\"inLanguage\":\"fr-FR\",\"potentialAction\":[{\"@type\":\"ReadAction\",\"target\":[\"https:\\\/\\\/onerefractories.com\\\/fr\\\/mentions-legales\\\/\"]}]},{\"@type\":\"BreadcrumbList\",\"@id\":\"https:\\\/\\\/onerefractories.com\\\/fr\\\/mentions-legales\\\/#breadcrumb\",\"itemListElement\":[{\"@type\":\"ListItem\",\"position\":1,\"name\":\"Accueil\",\"item\":\"https:\\\/\\\/onerefractories.com\\\/fr\\\/\"},{\"@type\":\"ListItem\",\"position\":2,\"name\":\"Mentions l\u00e9gales\"}]},{\"@type\":\"WebSite\",\"@id\":\"https:\\\/\\\/onerefractories.com\\\/fr\\\/#website\",\"url\":\"https:\\\/\\\/onerefractories.com\\\/fr\\\/\",\"name\":\"One Refractories\",\"description\":\"\",\"potentialAction\":[{\"@type\":\"SearchAction\",\"target\":{\"@type\":\"EntryPoint\",\"urlTemplate\":\"https:\\\/\\\/onerefractories.com\\\/fr\\\/?s={search_term_string}\"},\"query-input\":{\"@type\":\"PropertyValueSpecification\",\"valueRequired\":true,\"valueName\":\"search_term_string\"}}],\"inLanguage\":\"fr-FR\"}]}<\/script>\n<!-- \/ Yoast SEO plugin. -->","yoast_head_json":{"title":"Mentions l\u00e9gales | One Refractories","robots":{"index":"index","follow":"follow","max-snippet":"max-snippet:-1","max-image-preview":"max-image-preview:large","max-video-preview":"max-video-preview:-1"},"canonical":"https:\/\/onerefractories.com\/fr\/mentions-legales\/","og_locale":"fr_FR","og_type":"article","og_title":"Mentions l\u00e9gales | One Refractories","og_description":"Mentions l\u00e9gales Qui sommes-nous ? One RefractoriesEntreprise sp\u00e9cialis\u00e9e dans les mat\u00e9riaux r\u00e9fractaires Mission One Refractories propose une large gamme de produits monolithiques pour r\u00e9pondre aux besoins de ses clients dans les industries du ciment, du fer, de l'acier et de la chaleur. Contact One RefractoriesChauss\u00e9e de Dinant, 39 B-5537 Anh\u00e9e+32 (0)82 61 18 84info@onerefractories.comBE 0401.592.569 One Refractories s'engage \u00e0 respecter la l\u00e9gislation en vigueur en Belgique et en Europe et met tout en \u0153uvre pour emp\u00eacher toute utilisation non autoris\u00e9e ou ill\u00e9gale de vos donn\u00e9es personnelles. \u00c0 cette fin, nous utilisons des proc\u00e9dures et des syst\u00e8mes appropri\u00e9s pour garantir que seules les personnes autoris\u00e9es puissent acc\u00e9der \u00e0 vos informations. En outre, nous vous rappelons que ces personnes sont tenues \u00e0 une obligation de confidentialit\u00e9 dans le cadre de leurs fonctions.","og_url":"https:\/\/onerefractories.com\/fr\/mentions-legales\/","og_site_name":"One Refractories","article_modified_time":"2025-11-19T13:19:14+00:00","twitter_card":"summary_large_image","twitter_misc":{"Dur\u00e9e de lecture estim\u00e9e":"1 minute"},"schema":{"@context":"https:\/\/schema.org","@graph":[{"@type":"WebPage","@id":"https:\/\/onerefractories.com\/fr\/mentions-legales\/","url":"https:\/\/onerefractories.com\/fr\/mentions-legales\/","name":"Mentions l\u00e9gales | One Refractories","isPartOf":{"@id":"https:\/\/onerefractories.com\/fr\/#website"},"datePublished":"2022-08-19T12:10:33+00:00","dateModified":"2025-11-19T13:19:14+00:00","breadcrumb":{"@id":"https:\/\/onerefractories.com\/fr\/mentions-legales\/#breadcrumb"},"inLanguage":"fr-FR","potentialAction":[{"@type":"ReadAction","target":["https:\/\/onerefractories.com\/fr\/mentions-legales\/"]}]},{"@type":"BreadcrumbList","@id":"https:\/\/onerefractories.com\/fr\/mentions-legales\/#breadcrumb","itemListElement":[{"@type":"ListItem","position":1,"name":"Accueil","item":"https:\/\/onerefractories.com\/fr\/"},{"@type":"ListItem","position":2,"name":"Mentions l\u00e9gales"}]},{"@type":"WebSite","@id":"https:\/\/onerefractories.com\/fr\/#website","url":"https:\/\/onerefractories.com\/fr\/","name":"One Refractories","description":"","potentialAction":[{"@type":"SearchAction","target":{"@type":"EntryPoint","urlTemplate":"https:\/\/onerefractories.com\/fr\/?s={search_term_string}"},"query-input":{"@type":"PropertyValueSpecification","valueRequired":true,"valueName":"search_term_string"}}],"inLanguage":"fr-FR"}]}},"_links":{"self":[{"href":"https:\/\/onerefractories.com\/fr\/wp-json\/wp\/v2\/pages\/81849","targetHints":{"allow":["GET"]}}],"collection":[{"href":"https:\/\/onerefractories.com\/fr\/wp-json\/wp\/v2\/pages"}],"about":[{"href":"https:\/\/onerefractories.com\/fr\/wp-json\/wp\/v2\/types\/page"}],"author":[{"embeddable":true,"href":"https:\/\/onerefractories.com\/fr\/wp-json\/wp\/v2\/users\/1"}],"replies":[{"embeddable":true,"href":"https:\/\/onerefractories.com\/fr\/wp-json\/wp\/v2\/comments?post=81849"}],"version-history":[{"count":3,"href":"https:\/\/onerefractories.com\/fr\/wp-json\/wp\/v2\/pages\/81849\/revisions"}],"predecessor-version":[{"id":81853,"href":"https:\/\/onerefractories.com\/fr\/wp-json\/wp\/v2\/pages\/81849\/revisions\/81853"}],"wp:attachment":[{"href":"https:\/\/onerefractories.com\/fr\/wp-json\/wp\/v2\/media?parent=81849"}],"curies":[{"name":"wp","href":"https:\/\/api.w.org\/{rel}","templated":true}]}}