{"id":81959,"date":"2022-08-19T14:10:33","date_gmt":"2022-08-19T12:10:33","guid":{"rendered":"https:\/\/onerefractories.poush-dev.be\/mentions-legales\/"},"modified":"2025-11-19T16:27:19","modified_gmt":"2025-11-19T15:27:19","slug":"rechtliche-hinweise","status":"publish","type":"page","link":"https:\/\/onerefractories.com\/de\/rechtliche-hinweise\/","title":{"rendered":"Rechtliche Hinweise"},"content":{"rendered":"<p>[et_pb_section fb_built=&#8220;1&#8243; _builder_version=&#8220;4.27.4&#8243; _module_preset=&#8220;default&#8220; global_colors_info=&#8220;{}&#8220;][et_pb_row _builder_version=&#8220;4.27.4&#8243; _module_preset=&#8220;default&#8220; global_colors_info=&#8220;{}&#8220;][et_pb_column type=&#8220;4_4&#8243; _builder_version=&#8220;4.27.4&#8243; _module_preset=&#8220;default&#8220; global_colors_info=&#8220;{}&#8220;][et_pb_text _builder_version=&#8220;4.27.4&#8243; _module_preset=&#8220;default&#8220; hover_enabled=&#8220;0&#8243; global_colors_info=&#8220;{}&#8220; sticky_enabled=&#8220;0&#8243;]<\/p>\n<h1>Rechtliche Hinweise<\/h1>\n<h2>\u00dcber uns<\/h2>\n<p><strong>One Refractories<\/strong><br \/>Auf feuerfeste Materialien spezialisiertes Unternehmen<\/p>\n<h3>Mission<\/h3>\n<p>One Refractories bietet eine breite Palette an monolithischen Produkten, um den Anforderungen seiner Kunden in der Zement-, Eisen-, Stahl- und W\u00e4rmeindustrie gerecht zu werden.<\/p>\n<h3>Kontakt<\/h3>\n<p>One Refractories<br \/>Chauss\u00e9e de Dinant, 39 B-5537 Anh\u00e9e<br \/>+32 (0)82 61 18 84<br \/>info@onerefractories.com<br \/>BE 0401.592.569<\/p>\n<p>One Refractories verpflichtet sich, die geltenden Gesetze in Belgien und Europa einzuhalten und unternimmt alle Anstrengungen, um eine unbefugte oder illegale Verwendung Ihrer personenbezogenen Daten zu verhindern. Zu diesem Zweck verwenden wir geeignete Verfahren und Systeme, um sicherzustellen, dass nur befugte Personen Zugriff auf Ihre Daten haben. Dar\u00fcber hinaus weisen wir Sie darauf hin, dass diese Personen im Rahmen ihrer T\u00e4tigkeit zur Vertraulichkeit verpflichtet sind.<\/p>\n<p>[\/et_pb_text][\/et_pb_column][\/et_pb_row][\/et_pb_section]<\/p>\n","protected":false},"excerpt":{"rendered":"<p>Rechtliche Hinweise \u00dcber uns One RefractoriesAuf feuerfeste Materialien spezialisiertes Unternehmen Mission One Refractories bietet eine breite Palette an monolithischen Produkten, um den Anforderungen seiner Kunden in der Zement-, Eisen-, Stahl- und W\u00e4rmeindustrie gerecht zu werden. Kontakt One RefractoriesChauss\u00e9e de Dinant, 39 B-5537 Anh\u00e9e+32 (0)82 61 18 84info@onerefractories.comBE 0401.592.569 One Refractories verpflichtet sich, die geltenden Gesetze in Belgien und Europa einzuhalten und unternimmt alle Anstrengungen, um eine unbefugte oder illegale Verwendung Ihrer personenbezogenen Daten zu verhindern. Zu diesem Zweck verwenden wir geeignete Verfahren und Systeme, um sicherzustellen, dass nur befugte Personen Zugriff auf Ihre Daten haben. Dar\u00fcber hinaus weisen wir Sie darauf hin, dass diese Personen im Rahmen ihrer T\u00e4tigkeit zur Vertraulichkeit verpflichtet sind.<\/p>\n","protected":false},"author":1,"featured_media":0,"parent":0,"menu_order":1000,"comment_status":"closed","ping_status":"closed","template":"","meta":{"_et_pb_use_builder":"on","_et_pb_old_content":"","_et_gb_content_width":"","footnotes":""},"class_list":["post-81959","page","type-page","status-publish","hentry"],"yoast_head":"<!-- This site is optimized with the Yoast SEO plugin v27.5 - https:\/\/yoast.com\/product\/yoast-seo-wordpress\/ -->\n<title>Rechtliche Hinweise | One Refractories<\/title>\n<meta name=\"robots\" content=\"index, follow, max-snippet:-1, max-image-preview:large, max-video-preview:-1\" \/>\n<link rel=\"canonical\" href=\"https:\/\/onerefractories.com\/de\/rechtliche-hinweise\/\" \/>\n<meta property=\"og:locale\" content=\"de_DE\" \/>\n<meta property=\"og:type\" content=\"article\" \/>\n<meta property=\"og:title\" content=\"Rechtliche Hinweise | One Refractories\" \/>\n<meta property=\"og:description\" content=\"Rechtliche Hinweise \u00dcber uns One RefractoriesAuf feuerfeste Materialien spezialisiertes Unternehmen Mission One Refractories bietet eine breite Palette an monolithischen Produkten, um den Anforderungen seiner Kunden in der Zement-, Eisen-, Stahl- und W\u00e4rmeindustrie gerecht zu werden. Kontakt One RefractoriesChauss\u00e9e de Dinant, 39 B-5537 Anh\u00e9e+32 (0)82 61 18 84info@onerefractories.comBE 0401.592.569 One Refractories verpflichtet sich, die geltenden Gesetze in Belgien und Europa einzuhalten und unternimmt alle Anstrengungen, um eine unbefugte oder illegale Verwendung Ihrer personenbezogenen Daten zu verhindern. Zu diesem Zweck verwenden wir geeignete Verfahren und Systeme, um sicherzustellen, dass nur befugte Personen Zugriff auf Ihre Daten haben. Dar\u00fcber hinaus weisen wir Sie darauf hin, dass diese Personen im Rahmen ihrer T\u00e4tigkeit zur Vertraulichkeit verpflichtet sind.\" \/>\n<meta property=\"og:url\" content=\"https:\/\/onerefractories.com\/de\/rechtliche-hinweise\/\" \/>\n<meta property=\"og:site_name\" content=\"One Refractories\" \/>\n<meta property=\"article:modified_time\" content=\"2025-11-19T15:27:19+00:00\" \/>\n<meta name=\"twitter:card\" content=\"summary_large_image\" \/>\n<meta name=\"twitter:label1\" content=\"Gesch\u00e4tzte Lesezeit\" \/>\n\t<meta name=\"twitter:data1\" content=\"1\u00a0Minute\" \/>\n<script type=\"application\/ld+json\" class=\"yoast-schema-graph\">{\"@context\":\"https:\\\/\\\/schema.org\",\"@graph\":[{\"@type\":\"WebPage\",\"@id\":\"https:\\\/\\\/onerefractories.com\\\/de\\\/rechtliche-hinweise\\\/\",\"url\":\"https:\\\/\\\/onerefractories.com\\\/de\\\/rechtliche-hinweise\\\/\",\"name\":\"Rechtliche Hinweise | One Refractories\",\"isPartOf\":{\"@id\":\"https:\\\/\\\/onerefractories.com\\\/de\\\/#website\"},\"datePublished\":\"2022-08-19T12:10:33+00:00\",\"dateModified\":\"2025-11-19T15:27:19+00:00\",\"breadcrumb\":{\"@id\":\"https:\\\/\\\/onerefractories.com\\\/de\\\/rechtliche-hinweise\\\/#breadcrumb\"},\"inLanguage\":\"de\",\"potentialAction\":[{\"@type\":\"ReadAction\",\"target\":[\"https:\\\/\\\/onerefractories.com\\\/de\\\/rechtliche-hinweise\\\/\"]}]},{\"@type\":\"BreadcrumbList\",\"@id\":\"https:\\\/\\\/onerefractories.com\\\/de\\\/rechtliche-hinweise\\\/#breadcrumb\",\"itemListElement\":[{\"@type\":\"ListItem\",\"position\":1,\"name\":\"Accueil\",\"item\":\"https:\\\/\\\/onerefractories.com\\\/de\\\/\"},{\"@type\":\"ListItem\",\"position\":2,\"name\":\"Rechtliche Hinweise\"}]},{\"@type\":\"WebSite\",\"@id\":\"https:\\\/\\\/onerefractories.com\\\/de\\\/#website\",\"url\":\"https:\\\/\\\/onerefractories.com\\\/de\\\/\",\"name\":\"One Refractories\",\"description\":\"\",\"potentialAction\":[{\"@type\":\"SearchAction\",\"target\":{\"@type\":\"EntryPoint\",\"urlTemplate\":\"https:\\\/\\\/onerefractories.com\\\/de\\\/?s={search_term_string}\"},\"query-input\":{\"@type\":\"PropertyValueSpecification\",\"valueRequired\":true,\"valueName\":\"search_term_string\"}}],\"inLanguage\":\"de\"}]}<\/script>\n<!-- \/ Yoast SEO plugin. -->","yoast_head_json":{"title":"Rechtliche Hinweise | One Refractories","robots":{"index":"index","follow":"follow","max-snippet":"max-snippet:-1","max-image-preview":"max-image-preview:large","max-video-preview":"max-video-preview:-1"},"canonical":"https:\/\/onerefractories.com\/de\/rechtliche-hinweise\/","og_locale":"de_DE","og_type":"article","og_title":"Rechtliche Hinweise | One Refractories","og_description":"Rechtliche Hinweise \u00dcber uns One RefractoriesAuf feuerfeste Materialien spezialisiertes Unternehmen Mission One Refractories bietet eine breite Palette an monolithischen Produkten, um den Anforderungen seiner Kunden in der Zement-, Eisen-, Stahl- und W\u00e4rmeindustrie gerecht zu werden. Kontakt One RefractoriesChauss\u00e9e de Dinant, 39 B-5537 Anh\u00e9e+32 (0)82 61 18 84info@onerefractories.comBE 0401.592.569 One Refractories verpflichtet sich, die geltenden Gesetze in Belgien und Europa einzuhalten und unternimmt alle Anstrengungen, um eine unbefugte oder illegale Verwendung Ihrer personenbezogenen Daten zu verhindern. Zu diesem Zweck verwenden wir geeignete Verfahren und Systeme, um sicherzustellen, dass nur befugte Personen Zugriff auf Ihre Daten haben. Dar\u00fcber hinaus weisen wir Sie darauf hin, dass diese Personen im Rahmen ihrer T\u00e4tigkeit zur Vertraulichkeit verpflichtet sind.","og_url":"https:\/\/onerefractories.com\/de\/rechtliche-hinweise\/","og_site_name":"One Refractories","article_modified_time":"2025-11-19T15:27:19+00:00","twitter_card":"summary_large_image","twitter_misc":{"Gesch\u00e4tzte Lesezeit":"1\u00a0Minute"},"schema":{"@context":"https:\/\/schema.org","@graph":[{"@type":"WebPage","@id":"https:\/\/onerefractories.com\/de\/rechtliche-hinweise\/","url":"https:\/\/onerefractories.com\/de\/rechtliche-hinweise\/","name":"Rechtliche Hinweise | One Refractories","isPartOf":{"@id":"https:\/\/onerefractories.com\/de\/#website"},"datePublished":"2022-08-19T12:10:33+00:00","dateModified":"2025-11-19T15:27:19+00:00","breadcrumb":{"@id":"https:\/\/onerefractories.com\/de\/rechtliche-hinweise\/#breadcrumb"},"inLanguage":"de","potentialAction":[{"@type":"ReadAction","target":["https:\/\/onerefractories.com\/de\/rechtliche-hinweise\/"]}]},{"@type":"BreadcrumbList","@id":"https:\/\/onerefractories.com\/de\/rechtliche-hinweise\/#breadcrumb","itemListElement":[{"@type":"ListItem","position":1,"name":"Accueil","item":"https:\/\/onerefractories.com\/de\/"},{"@type":"ListItem","position":2,"name":"Rechtliche Hinweise"}]},{"@type":"WebSite","@id":"https:\/\/onerefractories.com\/de\/#website","url":"https:\/\/onerefractories.com\/de\/","name":"One Refractories","description":"","potentialAction":[{"@type":"SearchAction","target":{"@type":"EntryPoint","urlTemplate":"https:\/\/onerefractories.com\/de\/?s={search_term_string}"},"query-input":{"@type":"PropertyValueSpecification","valueRequired":true,"valueName":"search_term_string"}}],"inLanguage":"de"}]}},"_links":{"self":[{"href":"https:\/\/onerefractories.com\/de\/wp-json\/wp\/v2\/pages\/81959","targetHints":{"allow":["GET"]}}],"collection":[{"href":"https:\/\/onerefractories.com\/de\/wp-json\/wp\/v2\/pages"}],"about":[{"href":"https:\/\/onerefractories.com\/de\/wp-json\/wp\/v2\/types\/page"}],"author":[{"embeddable":true,"href":"https:\/\/onerefractories.com\/de\/wp-json\/wp\/v2\/users\/1"}],"replies":[{"embeddable":true,"href":"https:\/\/onerefractories.com\/de\/wp-json\/wp\/v2\/comments?post=81959"}],"version-history":[{"count":3,"href":"https:\/\/onerefractories.com\/de\/wp-json\/wp\/v2\/pages\/81959\/revisions"}],"predecessor-version":[{"id":81963,"href":"https:\/\/onerefractories.com\/de\/wp-json\/wp\/v2\/pages\/81959\/revisions\/81963"}],"wp:attachment":[{"href":"https:\/\/onerefractories.com\/de\/wp-json\/wp\/v2\/media?parent=81959"}],"curies":[{"name":"wp","href":"https:\/\/api.w.org\/{rel}","templated":true}]}}