{"id":81921,"date":"2023-03-17T11:15:41","date_gmt":"2023-03-17T10:15:41","guid":{"rendered":"https:\/\/onerefractories.poush-dev.be\/blog\/"},"modified":"2026-02-03T14:00:56","modified_gmt":"2026-02-03T13:00:56","slug":"blog","status":"publish","type":"page","link":"https:\/\/onerefractories.com\/de\/blog\/","title":{"rendered":"Blog"},"content":{"rendered":"<p>[et_pb_section fb_built=&#8220;1&#8243; _builder_version=&#8220;4.27.2&#8243; _module_preset=&#8220;034606c6-129b-4ebd-8680-be801f49a5b8&#8243; global_colors_info=&#8220;{}&#8220;][et_pb_row make_equal=&#8220;on&#8220; _builder_version=&#8220;4.19.4&#8243; _module_preset=&#8220;default&#8220; global_colors_info=&#8220;{}&#8220;][et_pb_column type=&#8220;4_4&#8243; _builder_version=&#8220;4.18.0&#8243; _module_preset=&#8220;default&#8220; global_colors_info=&#8220;{}&#8220;][et_pb_text admin_label=&#8220;Text&#8220; _builder_version=&#8220;4.22.1&#8243; _dynamic_attributes=&#8220;content&#8220; _module_preset=&#8220;c4bd9b8a-ed6e-450c-8f33-48bf2a8d605b&#8220; background_size=&#8220;initial&#8220; background_position=&#8220;top_left&#8220; background_repeat=&#8220;repeat&#8220; background_layout=&#8220;dark&#8220; global_colors_info=&#8220;{}&#8220;]@ET-DC@eyJkeW5hbWljIjp0cnVlLCJjb250ZW50IjoicG9zdF90aXRsZSIsInNldHRpbmdzIjp7ImJlZm9yZSI6IjxoMT4iLCJhZnRlciI6IjwvaDE+In19@[\/et_pb_text][\/et_pb_column][\/et_pb_row][\/et_pb_section][et_pb_section fb_built=&#8220;1&#8243; _builder_version=&#8220;4.18.0&#8243; _module_preset=&#8220;default&#8220; global_colors_info=&#8220;{}&#8220;][et_pb_row _builder_version=&#8220;4.19.4&#8243; _module_preset=&#8220;default&#8220; global_colors_info=&#8220;{}&#8220;][et_pb_column type=&#8220;4_4&#8243; _builder_version=&#8220;4.19.4&#8243; _module_preset=&#8220;default&#8220; global_colors_info=&#8220;{}&#8220;][brbl_post_grid layout=&#8220;layout4&#8243; column_count=&#8220;4&#8243; column_gap_x=&#8220;15px&#8220; column_gap_y=&#8220;15px&#8220; show_excerpt=&#8220;off&#8220; column_count_tablet=&#8220;2&#8243; column_count_phone=&#8220;1&#8243; column_count_last_edited=&#8220;on|desktop&#8220; module_class=&#8220;h6-size&#8220; _builder_version=&#8220;4.27.4&#8243; _module_preset=&#8220;default&#8220; title_level=&#8220;h3&#8243; custom_css_free_form=&#8220;.et-db #et-boc .et-l .brbl_post_grid.h6-size .brbl-post-title {||  padding-top: 0px;||}&#8220; locked=&#8220;off&#8220; global_colors_info=&#8220;{}&#8220;][\/brbl_post_grid][\/et_pb_column][\/et_pb_row][\/et_pb_section]<\/p>\n","protected":false},"excerpt":{"rendered":"<div class=\"et_pb_module brbl_post_grid brbl_post_grid_0 h6-size\">\n\t\t\t\t\n\t\t\t\t\n\t\t\t\t\n\t\t\t\t\n\t\t\t\t\n\t\t\t\t\n\t\t\t\t<div class=\"et_pb_module_inner\">\n\t\t\t\t\t<div class=\"brbl-module brbl-post-grid equal-height-on brbl-ajax-pagi \" data-options=\"{&quot;layout&quot;:&quot;layout4&quot;,&quot;blog_order&quot;:0,&quot;pagination_type&quot;:&quot;numbers&quot;,&quot;loadmore_type&quot;:&quot;scroll&quot;}\" data-pagination=\"{&quot;include_categories&quot;:&quot;&quot;,&quot;img_masking_shape&quot;:&quot;none&quot;,&quot;post_count&quot;:&quot;15&quot;,&quot;post_type&quot;:&quot;post&quot;,&quot;order_by&quot;:&quot;date&quot;,&quot;order&quot;:&quot;ASC&quot;,&quot;layout&quot;:&quot;layout4&quot;,&quot;show_categories&quot;:&quot;off&quot;,&quot;show_thumb&quot;:&quot;on&quot;,&quot;show_author&quot;:&quot;off&quot;,&quot;show_date&quot;:&quot;on&quot;,&quot;show_title&quot;:&quot;on&quot;,&quot;show_excerpt&quot;:&quot;off&quot;,&quot;thumb_size&quot;:&quot;full&quot;,&quot;date_format&quot;:&quot;j F Y&quot;,&quot;content_length&quot;:&quot;150&quot;,&quot;offset_number&quot;:&quot;0&quot;,&quot;show_btn&quot;:&quot;on&quot;,&quot;exclude_posts&quot;:&quot;&quot;,&quot;include_posts&quot;:&quot;&quot;,&quot;show_first_category&quot;:&quot;off&quot;,&quot;thumb_width&quot;:&quot;100&quot;,&quot;thumb_height&quot;:&quot;100&quot;,&quot;button_icon&quot;:&quot;5&quot;,&quot;button_text&quot;:&quot;Lire plus&quot;,&quot;overlay_icon&quot;:&quot;&quot;,&quot;title_tag&quot;:&quot;h3&quot;}\">\r\n                <div id=\"brbl-blog-wrapper\" class=\"brbl-blog brbl-blog-scroll-0\"><div class=\"brbl-blog-item  brbl-blog-item-layout4-0\">\r\n        <article class=\"brbl-post-card brbl-post-card-4\">\r\n\t\t\t<figure class=\"brbl-post-thumb\">\r\n\t\t\t\t<a href=\"https:\/\/onerefractories.com\/de\/state-visit-of-their-majesties-the-king-and-the-queen-of-belgium-to-vietnam\/\">\r\n\t\t\t\t\t<div class=\"brbl-overlay\" data-icon=\"\"><\/div>\r\n\t\t\t\t\t<img width=\"631\" height=\"631\" src=\"https:\/\/onerefractories.com\/wp-content\/uploads\/2025\/12\/07042025.jpg\" class=\"attachment-full size-full wp-post-image\" alt=\"\" decoding=\"async\" loading=\"lazy\" srcset=\"https:\/\/onerefractories.com\/wp-content\/uploads\/2025\/12\/07042025.jpg 631w, https:\/\/onerefractories.com\/wp-content\/uploads\/2025\/12\/07042025-480x480.jpg 480w\" sizes=\"(min-width: 0px) and (max-width: 480px) 480px, (min-width: 481px) 631px, 100vw\" \/>\r\n\t\t\t\t<\/a>\r\n\t\t\t\t\r\n\t\t\t<\/figure>\r\n\t\t\t<div class=\"brbl-author-avatar\"><img decoding=\"async\" src=\"https:\/\/secure.gravatar.com\/avatar\/6035c7052005b7c0f68ae78474e4c7852ce91e2c0beeb09a906222fc2342ca36?s=96&#038;d=mm&#038;r=g\"><\/div>\r\n            <div class=\"brbl-blog-content\">\r\n\t\t\t\t<h3 class=\"brbl-post-title\">\r\n                <a href=\"https:\/\/onerefractories.com\/de\/state-visit-of-their-majesties-the-king-and-the-queen-of-belgium-to-vietnam\/\">State visit of Their Majesties the King and the Queen of Belgium to Vietnam<\/a>\r\n            <\/h3>\r\n\t\t\t\t\r\n                <div class=\"brbl-blog-meta\">\r\n                    \r\n                    <div class=\"brbl-post-date\">\r\n            <svg enable-background=\"new 0 0 443.294 443.294\" viewBox=\"0 0 443.29 443.29\" xmlns=\"http:\/\/www.w3.org\/2000\/svg\"><path d=\"m221.65 0c-122.21 0-221.65 99.433-221.65 221.65s99.433 221.65 221.65 221.65 221.65-99.433 221.65-221.65-99.433-221.65-221.65-221.65zm0 415.59c-106.94 0-193.94-87-193.94-193.94s87-193.94 193.94-193.94 193.94 87 193.94 193.94-87 193.94-193.94 193.94z\"\/><path d=\"m235.5 83.118h-27.706v144.26l87.176 87.176 19.589-19.589-79.059-79.059z\"\/>\r\n    <\/svg>\r\n            12 Dezember 2025\r\n        <\/div>\r\n                <\/div>\r\n            <\/div>\r\n        <\/article>\r\n    <\/div><div class=\"brbl-blog-item  brbl-blog-item-layout4-0\">\r\n        <article class=\"brbl-post-card brbl-post-card-4\">\r\n\t\t\t<figure class=\"brbl-post-thumb\">\r\n\t\t\t\t<a href=\"https:\/\/onerefractories.com\/de\/business-contact-day-in-lahore-pakistan\/\">\r\n\t\t\t\t\t<div class=\"brbl-overlay\" data-icon=\"\"><\/div>\r\n\t\t\t\t\t<img width=\"1080\" height=\"1080\" src=\"https:\/\/onerefractories.com\/wp-content\/uploads\/2025\/12\/21112025.jpg\" class=\"attachment-full size-full wp-post-image\" alt=\"\" decoding=\"async\" loading=\"lazy\" srcset=\"https:\/\/onerefractories.com\/wp-content\/uploads\/2025\/12\/21112025.jpg 1080w, https:\/\/onerefractories.com\/wp-content\/uploads\/2025\/12\/21112025-980x980.jpg 980w, https:\/\/onerefractories.com\/wp-content\/uploads\/2025\/12\/21112025-480x480.jpg 480w\" sizes=\"(min-width: 0px) and (max-width: 480px) 480px, (min-width: 481px) and (max-width: 980px) 980px, (min-width: 981px) 1080px, 100vw\" \/>\r\n\t\t\t\t<\/a>\r\n\t\t\t\t\r\n\t\t\t<\/figure>\r\n\t\t\t<div class=\"brbl-author-avatar\"><img decoding=\"async\" src=\"https:\/\/secure.gravatar.com\/avatar\/6035c7052005b7c0f68ae78474e4c7852ce91e2c0beeb09a906222fc2342ca36?s=96&#038;d=mm&#038;r=g\"><\/div>\r\n            <div class=\"brbl-blog-content\">\r\n\t\t\t\t<h3 class=\"brbl-post-title\">\r\n                <a href=\"https:\/\/onerefractories.com\/de\/business-contact-day-in-lahore-pakistan\/\">Business Contact Day in Lahore, Pakistan<\/a>\r\n            <\/h3>\r\n\t\t\t\t\r\n                <div class=\"brbl-blog-meta\">\r\n                    \r\n                    <div class=\"brbl-post-date\">\r\n            <svg enable-background=\"new 0 0 443.294 443.294\" viewBox=\"0 0 443.29 443.29\" xmlns=\"http:\/\/www.w3.org\/2000\/svg\"><path d=\"m221.65 0c-122.21 0-221.65 99.433-221.65 221.65s99.433 221.65 221.65 221.65 221.65-99.433 221.65-221.65-99.433-221.65-221.65-221.65zm0 415.59c-106.94 0-193.94-87-193.94-193.94s87-193.94 193.94-193.94 193.94 87 193.94 193.94-87 193.94-193.94 193.94z\"\/><path d=\"m235.5 83.118h-27.706v144.26l87.176 87.176 19.589-19.589-79.059-79.059z\"\/>\r\n    <\/svg>\r\n            12 Dezember 2025\r\n        <\/div>\r\n                <\/div>\r\n            <\/div>\r\n        <\/article>\r\n    <\/div><div class=\"brbl-blog-item  brbl-blog-item-layout4-0\">\r\n        <article class=\"brbl-post-card brbl-post-card-4\">\r\n\t\t\t<figure class=\"brbl-post-thumb\">\r\n\t\t\t\t<a href=\"https:\/\/onerefractories.com\/de\/one-refractories-premiere-societe-wallonne-a-ouvrir-une-usine-au-vietnam\/\">\r\n\t\t\t\t\t<div class=\"brbl-overlay\" data-icon=\"\"><\/div>\r\n\t\t\t\t\t<img width=\"624\" height=\"416\" src=\"https:\/\/onerefractories.com\/wp-content\/uploads\/2025\/12\/29122024.jpg\" class=\"attachment-full size-full wp-post-image\" alt=\"\" decoding=\"async\" loading=\"lazy\" srcset=\"https:\/\/onerefractories.com\/wp-content\/uploads\/2025\/12\/29122024.jpg 624w, https:\/\/onerefractories.com\/wp-content\/uploads\/2025\/12\/29122024-480x320.jpg 480w\" sizes=\"(min-width: 0px) and (max-width: 480px) 480px, (min-width: 481px) 624px, 100vw\" \/>\r\n\t\t\t\t<\/a>\r\n\t\t\t\t\r\n\t\t\t<\/figure>\r\n\t\t\t<div class=\"brbl-author-avatar\"><img decoding=\"async\" src=\"https:\/\/secure.gravatar.com\/avatar\/6035c7052005b7c0f68ae78474e4c7852ce91e2c0beeb09a906222fc2342ca36?s=96&#038;d=mm&#038;r=g\"><\/div>\r\n            <div class=\"brbl-blog-content\">\r\n\t\t\t\t<h3 class=\"brbl-post-title\">\r\n                <a href=\"https:\/\/onerefractories.com\/de\/one-refractories-premiere-societe-wallonne-a-ouvrir-une-usine-au-vietnam\/\">One Refractories, premi\u00e8re soci\u00e9t\u00e9 wallonne \u00e0 ouvrir une usine au Vietnam<\/a>\r\n            <\/h3>\r\n\t\t\t\t\r\n                <div class=\"brbl-blog-meta\">\r\n                    \r\n                    <div class=\"brbl-post-date\">\r\n            <svg enable-background=\"new 0 0 443.294 443.294\" viewBox=\"0 0 443.29 443.29\" xmlns=\"http:\/\/www.w3.org\/2000\/svg\"><path d=\"m221.65 0c-122.21 0-221.65 99.433-221.65 221.65s99.433 221.65 221.65 221.65 221.65-99.433 221.65-221.65-99.433-221.65-221.65-221.65zm0 415.59c-106.94 0-193.94-87-193.94-193.94s87-193.94 193.94-193.94 193.94 87 193.94 193.94-87 193.94-193.94 193.94z\"\/><path d=\"m235.5 83.118h-27.706v144.26l87.176 87.176 19.589-19.589-79.059-79.059z\"\/>\r\n    <\/svg>\r\n            12 Dezember 2025\r\n        <\/div>\r\n                <\/div>\r\n            <\/div>\r\n        <\/article>\r\n    <\/div><div class=\"brbl-blog-item  brbl-blog-item-layout4-0\">\r\n        <article class=\"brbl-post-card brbl-post-card-4\">\r\n\t\t\t<figure class=\"brbl-post-thumb\">\r\n\t\t\t\t<a href=\"https:\/\/onerefractories.com\/de\/exhibiting-at-the-27th-aicce-cement-conference-and-exhibition-in-tunis\/\">\r\n\t\t\t\t\t<div class=\"brbl-overlay\" data-icon=\"\"><\/div>\r\n\t\t\t\t\t<img width=\"5120\" height=\"2880\" src=\"https:\/\/onerefractories.com\/wp-content\/uploads\/2025\/12\/04122024.jpg\" class=\"attachment-full size-full wp-post-image\" alt=\"\" decoding=\"async\" loading=\"lazy\" srcset=\"https:\/\/onerefractories.com\/wp-content\/uploads\/2025\/12\/04122024.jpg 5120w, https:\/\/onerefractories.com\/wp-content\/uploads\/2025\/12\/04122024-1280x720.jpg 1280w, https:\/\/onerefractories.com\/wp-content\/uploads\/2025\/12\/04122024-980x551.jpg 980w, https:\/\/onerefractories.com\/wp-content\/uploads\/2025\/12\/04122024-480x270.jpg 480w\" sizes=\"(min-width: 0px) and (max-width: 480px) 480px, (min-width: 481px) and (max-width: 980px) 980px, (min-width: 981px) and (max-width: 1280px) 1280px, (min-width: 1281px) 5120px, 100vw\" \/>\r\n\t\t\t\t<\/a>\r\n\t\t\t\t\r\n\t\t\t<\/figure>\r\n\t\t\t<div class=\"brbl-author-avatar\"><img decoding=\"async\" src=\"https:\/\/secure.gravatar.com\/avatar\/6035c7052005b7c0f68ae78474e4c7852ce91e2c0beeb09a906222fc2342ca36?s=96&#038;d=mm&#038;r=g\"><\/div>\r\n            <div class=\"brbl-blog-content\">\r\n\t\t\t\t<h3 class=\"brbl-post-title\">\r\n                <a href=\"https:\/\/onerefractories.com\/de\/exhibiting-at-the-27th-aicce-cement-conference-and-exhibition-in-tunis\/\">Exhibiting at the 27th AICCE Cement Conference and Exhibition in Tunis.<\/a>\r\n            <\/h3>\r\n\t\t\t\t\r\n                <div class=\"brbl-blog-meta\">\r\n                    \r\n                    <div class=\"brbl-post-date\">\r\n            <svg enable-background=\"new 0 0 443.294 443.294\" viewBox=\"0 0 443.29 443.29\" xmlns=\"http:\/\/www.w3.org\/2000\/svg\"><path d=\"m221.65 0c-122.21 0-221.65 99.433-221.65 221.65s99.433 221.65 221.65 221.65 221.65-99.433 221.65-221.65-99.433-221.65-221.65-221.65zm0 415.59c-106.94 0-193.94-87-193.94-193.94s87-193.94 193.94-193.94 193.94 87 193.94 193.94-87 193.94-193.94 193.94z\"\/><path d=\"m235.5 83.118h-27.706v144.26l87.176 87.176 19.589-19.589-79.059-79.059z\"\/>\r\n    <\/svg>\r\n            12 Dezember 2025\r\n        <\/div>\r\n                <\/div>\r\n            <\/div>\r\n        <\/article>\r\n    <\/div><div class=\"brbl-blog-item  brbl-blog-item-layout4-0\">\r\n        <article class=\"brbl-post-card brbl-post-card-4\">\r\n\t\t\t<figure class=\"brbl-post-thumb\">\r\n\t\t\t\t<a href=\"https:\/\/onerefractories.com\/de\/joint-visits-with-our-agent-in-jordan\/\">\r\n\t\t\t\t\t<div class=\"brbl-overlay\" data-icon=\"\"><\/div>\r\n\t\t\t\t\t<img width=\"3840\" height=\"2160\" src=\"https:\/\/onerefractories.com\/wp-content\/uploads\/2025\/12\/28102025.jpg\" class=\"attachment-full size-full wp-post-image\" alt=\"\" decoding=\"async\" loading=\"lazy\" srcset=\"https:\/\/onerefractories.com\/wp-content\/uploads\/2025\/12\/28102025.jpg 3840w, https:\/\/onerefractories.com\/wp-content\/uploads\/2025\/12\/28102025-1280x720.jpg 1280w, https:\/\/onerefractories.com\/wp-content\/uploads\/2025\/12\/28102025-980x551.jpg 980w, https:\/\/onerefractories.com\/wp-content\/uploads\/2025\/12\/28102025-480x270.jpg 480w\" sizes=\"(min-width: 0px) and (max-width: 480px) 480px, (min-width: 481px) and (max-width: 980px) 980px, (min-width: 981px) and (max-width: 1280px) 1280px, (min-width: 1281px) 3840px, 100vw\" \/>\r\n\t\t\t\t<\/a>\r\n\t\t\t\t\r\n\t\t\t<\/figure>\r\n\t\t\t<div class=\"brbl-author-avatar\"><img decoding=\"async\" src=\"https:\/\/secure.gravatar.com\/avatar\/6035c7052005b7c0f68ae78474e4c7852ce91e2c0beeb09a906222fc2342ca36?s=96&#038;d=mm&#038;r=g\"><\/div>\r\n            <div class=\"brbl-blog-content\">\r\n\t\t\t\t<h3 class=\"brbl-post-title\">\r\n                <a href=\"https:\/\/onerefractories.com\/de\/joint-visits-with-our-agent-in-jordan\/\">Joint visits with our agent in Jordan<\/a>\r\n            <\/h3>\r\n\t\t\t\t\r\n                <div class=\"brbl-blog-meta\">\r\n                    \r\n                    <div class=\"brbl-post-date\">\r\n            <svg enable-background=\"new 0 0 443.294 443.294\" viewBox=\"0 0 443.29 443.29\" xmlns=\"http:\/\/www.w3.org\/2000\/svg\"><path d=\"m221.65 0c-122.21 0-221.65 99.433-221.65 221.65s99.433 221.65 221.65 221.65 221.65-99.433 221.65-221.65-99.433-221.65-221.65-221.65zm0 415.59c-106.94 0-193.94-87-193.94-193.94s87-193.94 193.94-193.94 193.94 87 193.94 193.94-87 193.94-193.94 193.94z\"\/><path d=\"m235.5 83.118h-27.706v144.26l87.176 87.176 19.589-19.589-79.059-79.059z\"\/>\r\n    <\/svg>\r\n            12 Dezember 2025\r\n        <\/div>\r\n                <\/div>\r\n            <\/div>\r\n        <\/article>\r\n    <\/div><\/div><nav class=\"brbl-pagination\" role=\"navigation\" aria-label=\"Pagination\"><\/nav>\r\n            <\/div>\n\t\t\t\t<\/div>\n\t\t\t<\/div>\n","protected":false},"author":1,"featured_media":0,"parent":0,"menu_order":110,"comment_status":"closed","ping_status":"closed","template":"","meta":{"_et_pb_use_builder":"on","_et_pb_old_content":"","_et_gb_content_width":"","footnotes":""},"class_list":["post-81921","page","type-page","status-publish","hentry"],"yoast_head":"<!-- This site is optimized with the Yoast SEO plugin v27.5 - https:\/\/yoast.com\/product\/yoast-seo-wordpress\/ -->\n<title>Blog | One Refractories<\/title>\n<meta name=\"description\" content=\"Lesen Sie den Blog von One Refractories, um Einblicke in feuerfeste Materialien, Innovationen, Branchentrends, Anwendungen und technisches Fachwissen im Bereich Keramik zu erhalten.\" \/>\n<meta name=\"robots\" content=\"index, follow, max-snippet:-1, max-image-preview:large, max-video-preview:-1\" \/>\n<link rel=\"canonical\" href=\"https:\/\/onerefractories.com\/de\/blog\/\" \/>\n<meta property=\"og:locale\" content=\"de_DE\" \/>\n<meta property=\"og:type\" content=\"article\" \/>\n<meta property=\"og:title\" content=\"Blog | One Refractories\" \/>\n<meta property=\"og:description\" content=\"Lesen Sie den Blog von One Refractories, um Einblicke in feuerfeste Materialien, Innovationen, Branchentrends, Anwendungen und technisches Fachwissen im Bereich Keramik zu erhalten.\" \/>\n<meta property=\"og:url\" content=\"https:\/\/onerefractories.com\/de\/blog\/\" \/>\n<meta property=\"og:site_name\" content=\"One Refractories\" \/>\n<meta property=\"article:modified_time\" content=\"2026-02-03T13:00:56+00:00\" \/>\n<meta name=\"twitter:card\" content=\"summary_large_image\" \/>\n<meta name=\"twitter:label1\" content=\"Gesch\u00e4tzte Lesezeit\" \/>\n\t<meta name=\"twitter:data1\" content=\"3\u00a0Minuten\" \/>\n<script type=\"application\/ld+json\" class=\"yoast-schema-graph\">{\"@context\":\"https:\\\/\\\/schema.org\",\"@graph\":[{\"@type\":\"WebPage\",\"@id\":\"https:\\\/\\\/onerefractories.com\\\/de\\\/blog\\\/\",\"url\":\"https:\\\/\\\/onerefractories.com\\\/de\\\/blog\\\/\",\"name\":\"Blog | One Refractories\",\"isPartOf\":{\"@id\":\"https:\\\/\\\/onerefractories.com\\\/de\\\/#website\"},\"datePublished\":\"2023-03-17T10:15:41+00:00\",\"dateModified\":\"2026-02-03T13:00:56+00:00\",\"description\":\"Lesen Sie den Blog von One Refractories, um Einblicke in feuerfeste Materialien, Innovationen, Branchentrends, Anwendungen und technisches Fachwissen im Bereich Keramik zu erhalten.\",\"breadcrumb\":{\"@id\":\"https:\\\/\\\/onerefractories.com\\\/de\\\/blog\\\/#breadcrumb\"},\"inLanguage\":\"de\",\"potentialAction\":[{\"@type\":\"ReadAction\",\"target\":[\"https:\\\/\\\/onerefractories.com\\\/de\\\/blog\\\/\"]}]},{\"@type\":\"BreadcrumbList\",\"@id\":\"https:\\\/\\\/onerefractories.com\\\/de\\\/blog\\\/#breadcrumb\",\"itemListElement\":[{\"@type\":\"ListItem\",\"position\":1,\"name\":\"Accueil\",\"item\":\"https:\\\/\\\/onerefractories.com\\\/de\\\/\"},{\"@type\":\"ListItem\",\"position\":2,\"name\":\"Blog\"}]},{\"@type\":\"WebSite\",\"@id\":\"https:\\\/\\\/onerefractories.com\\\/de\\\/#website\",\"url\":\"https:\\\/\\\/onerefractories.com\\\/de\\\/\",\"name\":\"One Refractories\",\"description\":\"\",\"potentialAction\":[{\"@type\":\"SearchAction\",\"target\":{\"@type\":\"EntryPoint\",\"urlTemplate\":\"https:\\\/\\\/onerefractories.com\\\/de\\\/?s={search_term_string}\"},\"query-input\":{\"@type\":\"PropertyValueSpecification\",\"valueRequired\":true,\"valueName\":\"search_term_string\"}}],\"inLanguage\":\"de\"}]}<\/script>\n<!-- \/ Yoast SEO plugin. -->","yoast_head_json":{"title":"Blog | One Refractories","description":"Lesen Sie den Blog von One Refractories, um Einblicke in feuerfeste Materialien, Innovationen, Branchentrends, Anwendungen und technisches Fachwissen im Bereich Keramik zu erhalten.","robots":{"index":"index","follow":"follow","max-snippet":"max-snippet:-1","max-image-preview":"max-image-preview:large","max-video-preview":"max-video-preview:-1"},"canonical":"https:\/\/onerefractories.com\/de\/blog\/","og_locale":"de_DE","og_type":"article","og_title":"Blog | One Refractories","og_description":"Lesen Sie den Blog von One Refractories, um Einblicke in feuerfeste Materialien, Innovationen, Branchentrends, Anwendungen und technisches Fachwissen im Bereich Keramik zu erhalten.","og_url":"https:\/\/onerefractories.com\/de\/blog\/","og_site_name":"One Refractories","article_modified_time":"2026-02-03T13:00:56+00:00","twitter_card":"summary_large_image","twitter_misc":{"Gesch\u00e4tzte Lesezeit":"3\u00a0Minuten"},"schema":{"@context":"https:\/\/schema.org","@graph":[{"@type":"WebPage","@id":"https:\/\/onerefractories.com\/de\/blog\/","url":"https:\/\/onerefractories.com\/de\/blog\/","name":"Blog | One Refractories","isPartOf":{"@id":"https:\/\/onerefractories.com\/de\/#website"},"datePublished":"2023-03-17T10:15:41+00:00","dateModified":"2026-02-03T13:00:56+00:00","description":"Lesen Sie den Blog von One Refractories, um Einblicke in feuerfeste Materialien, Innovationen, Branchentrends, Anwendungen und technisches Fachwissen im Bereich Keramik zu erhalten.","breadcrumb":{"@id":"https:\/\/onerefractories.com\/de\/blog\/#breadcrumb"},"inLanguage":"de","potentialAction":[{"@type":"ReadAction","target":["https:\/\/onerefractories.com\/de\/blog\/"]}]},{"@type":"BreadcrumbList","@id":"https:\/\/onerefractories.com\/de\/blog\/#breadcrumb","itemListElement":[{"@type":"ListItem","position":1,"name":"Accueil","item":"https:\/\/onerefractories.com\/de\/"},{"@type":"ListItem","position":2,"name":"Blog"}]},{"@type":"WebSite","@id":"https:\/\/onerefractories.com\/de\/#website","url":"https:\/\/onerefractories.com\/de\/","name":"One Refractories","description":"","potentialAction":[{"@type":"SearchAction","target":{"@type":"EntryPoint","urlTemplate":"https:\/\/onerefractories.com\/de\/?s={search_term_string}"},"query-input":{"@type":"PropertyValueSpecification","valueRequired":true,"valueName":"search_term_string"}}],"inLanguage":"de"}]}},"_links":{"self":[{"href":"https:\/\/onerefractories.com\/de\/wp-json\/wp\/v2\/pages\/81921","targetHints":{"allow":["GET"]}}],"collection":[{"href":"https:\/\/onerefractories.com\/de\/wp-json\/wp\/v2\/pages"}],"about":[{"href":"https:\/\/onerefractories.com\/de\/wp-json\/wp\/v2\/types\/page"}],"author":[{"embeddable":true,"href":"https:\/\/onerefractories.com\/de\/wp-json\/wp\/v2\/users\/1"}],"replies":[{"embeddable":true,"href":"https:\/\/onerefractories.com\/de\/wp-json\/wp\/v2\/comments?post=81921"}],"version-history":[{"count":1,"href":"https:\/\/onerefractories.com\/de\/wp-json\/wp\/v2\/pages\/81921\/revisions"}],"predecessor-version":[{"id":81922,"href":"https:\/\/onerefractories.com\/de\/wp-json\/wp\/v2\/pages\/81921\/revisions\/81922"}],"wp:attachment":[{"href":"https:\/\/onerefractories.com\/de\/wp-json\/wp\/v2\/media?parent=81921"}],"curies":[{"name":"wp","href":"https:\/\/api.w.org\/{rel}","templated":true}]}}